{"id":713,"date":"2025-01-27T11:48:12","date_gmt":"2025-01-27T11:48:12","guid":{"rendered":"https:\/\/bf857664-b1a3-4b88-ac23-85d89f32b544.eu05.conves.io\/?page_id=713"},"modified":"2025-02-05T12:10:48","modified_gmt":"2025-02-05T12:10:48","slug":"events-and-news","status":"publish","type":"page","link":"https:\/\/sts-project.eu\/it\/events-and-news\/","title":{"rendered":"Eventi e notizie"},"content":{"rendered":"<div style=\"height:49px\" aria-hidden=\"true\" class=\"wp-block-spacer\"><\/div>\n\n\n\n\n<div data-widget-id=\"1\" id=\"wps-widget--team-1\" style=\"visibility: hidden; opacity: 0\" class=\"wps-container wps-widget wps-widget--team wps-team-theme--square-01 wps-team--type-grid wps-team-card-action--single-page wps-team--social-hover-up wps-team--thumbnail-shad\">\n    \n    \n    <div class=\"wps-container--inner\">\n\n                \n        \n            <div class=\"wps-row\">\n\n                \n                                \n                    <div class=\"wps-col wps-widget--item wps-widget--item-1072\">\n                        <div class=\"wpspeedo-team--single\">\n                            <div class=\"wps-team--single-inner\">\n                                \n                                <div class=\"team-member--thumbnail-wrapper wps-team--member-element\"><div class=\"team-member--thumbnail\"><a href=\"https:\/\/sts-project.eu\/it\/wps-members\/event-3\/\" class=\"wpspeedo-team--url\" aria-label=\"Ulteriori informazioni su TPM1.\"><img fetchpriority=\"high\" decoding=\"async\" width=\"642\" height=\"475\" src=\"https:\/\/sts-project.eu\/wp-content\/uploads\/2025\/02\/Resim2.jpg\" class=\"attachment- size- wp-post-image\" alt=\"\" srcset=\"https:\/\/sts-project.eu\/wp-content\/uploads\/2025\/02\/Resim2.jpg 642w, https:\/\/sts-project.eu\/wp-content\/uploads\/2025\/02\/Resim2-300x222.jpg 300w, https:\/\/sts-project.eu\/wp-content\/uploads\/2025\/02\/Resim2-16x12.jpg 16w\" sizes=\"(max-width: 642px) 100vw, 642px\" \/><\/a><\/div><\/div><h3 class=\"wps-team--member-title wps-team--member-element team-member--link\"><a href=\"https:\/\/sts-project.eu\/it\/wps-members\/event-3\/\" class=\"wpspeedo-team--url\">TPM1<\/a><\/h3><h4 class=\"wps-team--member-desig wps-team--member-element\">5-6 aprile 2023 - Breslavia, Polonia<\/h4><div class=\"wps-team--divider-wrapper wps-team--member-element\"><div class=\"wps-team--divider\"><\/div><\/div><div class=\"wps-team--member-details wps-team--member-details-excerpt wps-team--member-element\"><p>Durante il primo Transnational Project Meeting, il responsabile del progetto ha presentato il progetto e, insieme ai partner, ne ha rivisto e pianificato l'attuazione. Durante l'incontro, il principale programma di lavoro...<\/p>\n<\/div>\n                            <\/div>\n                        <\/div>\n                    <\/div>\n\n                    \n                \n                                \n                    <div class=\"wps-col wps-widget--item wps-widget--item-1070\">\n                        <div class=\"wpspeedo-team--single\">\n                            <div class=\"wps-team--single-inner\">\n                                \n                                <div class=\"team-member--thumbnail-wrapper wps-team--member-element\"><div class=\"team-member--thumbnail\"><a href=\"https:\/\/sts-project.eu\/it\/wps-members\/event-2\/\" class=\"wpspeedo-team--url\" aria-label=\"Ulteriori informazioni su TPM2.\"><img decoding=\"async\" width=\"720\" height=\"960\" src=\"https:\/\/sts-project.eu\/wp-content\/uploads\/2025\/02\/Resim3.jpg\" class=\"attachment- size- wp-post-image\" alt=\"\" srcset=\"https:\/\/sts-project.eu\/wp-content\/uploads\/2025\/02\/Resim3.jpg 720w, https:\/\/sts-project.eu\/wp-content\/uploads\/2025\/02\/Resim3-225x300.jpg 225w, https:\/\/sts-project.eu\/wp-content\/uploads\/2025\/02\/Resim3-9x12.jpg 9w\" sizes=\"(max-width: 720px) 100vw, 720px\" \/><\/a><\/div><\/div><h3 class=\"wps-team--member-title wps-team--member-element team-member--link\"><a href=\"https:\/\/sts-project.eu\/it\/wps-members\/event-2\/\" class=\"wpspeedo-team--url\">TPM2<\/a><\/h3><h4 class=\"wps-team--member-desig wps-team--member-element\">13 settembre 2023 - Berlino, Germania<\/h4><div class=\"wps-team--divider-wrapper wps-team--member-element\"><div class=\"wps-team--divider\"><\/div><\/div><div class=\"wps-team--member-details wps-team--member-details-excerpt wps-team--member-element\"><p>Il secondo incontro transnazionale del progetto, tenutosi a Roma, ha permesso ai partner di esaminare le ricerche nazionali riunite nel Rapporto di Ricerca del Consorzio. I partner hanno inoltre discusso lo sviluppo e le responsabilit\u00e0...<\/p>\n<\/div>\n                            <\/div>\n                        <\/div>\n                    <\/div>\n\n                    \n                \n                                \n                    <div class=\"wps-col wps-widget--item wps-widget--item-1069\">\n                        <div class=\"wpspeedo-team--single\">\n                            <div class=\"wps-team--single-inner\">\n                                \n                                <div class=\"team-member--thumbnail-wrapper wps-team--member-element\"><div class=\"team-member--thumbnail\"><a href=\"https:\/\/sts-project.eu\/it\/wps-members\/event-1\/\" class=\"wpspeedo-team--url\" aria-label=\"Per saperne di pi\u00f9 su TPM3.\"><img decoding=\"async\" width=\"2048\" height=\"1408\" src=\"https:\/\/sts-project.eu\/wp-content\/uploads\/2025\/02\/Resim4.jpg\" class=\"attachment- size- wp-post-image\" alt=\"\" srcset=\"https:\/\/sts-project.eu\/wp-content\/uploads\/2025\/02\/Resim4.jpg 2048w, https:\/\/sts-project.eu\/wp-content\/uploads\/2025\/02\/Resim4-300x206.jpg 300w, https:\/\/sts-project.eu\/wp-content\/uploads\/2025\/02\/Resim4-1024x704.jpg 1024w, https:\/\/sts-project.eu\/wp-content\/uploads\/2025\/02\/Resim4-768x528.jpg 768w, https:\/\/sts-project.eu\/wp-content\/uploads\/2025\/02\/Resim4-1536x1056.jpg 1536w, https:\/\/sts-project.eu\/wp-content\/uploads\/2025\/02\/Resim4-18x12.jpg 18w\" sizes=\"(max-width: 2048px) 100vw, 2048px\" \/><\/a><\/div><\/div><h3 class=\"wps-team--member-title wps-team--member-element team-member--link\"><a href=\"https:\/\/sts-project.eu\/it\/wps-members\/event-1\/\" class=\"wpspeedo-team--url\">TPM3<\/a><\/h3><h4 class=\"wps-team--member-desig wps-team--member-element\">23 aprile 2024 - Atene, Grecia<\/h4><div class=\"wps-team--divider-wrapper wps-team--member-element\"><div class=\"wps-team--divider\"><\/div><\/div><div class=\"wps-team--member-details wps-team--member-details-excerpt wps-team--member-element\"><p>Durante il terzo incontro dei partner, il consorzio ha avuto l'opportunit\u00e0 di discutere la finalizzazione del curriculum educativo e le attivit\u00e0 di pilotaggio ad esso collegate, nonch\u00e9 di definire i prossimi passi...<\/p>\n<\/div>\n                            <\/div>\n                        <\/div>\n                    <\/div>\n\n                    \n                \n                                \n                    <div class=\"wps-col wps-widget--item wps-widget--item-3216\">\n                        <div class=\"wpspeedo-team--single\">\n                            <div class=\"wps-team--single-inner\">\n                                \n                                <div class=\"team-member--thumbnail-wrapper wps-team--member-element\"><div class=\"team-member--thumbnail\"><a href=\"https:\/\/sts-project.eu\/it\/wps-members\/evm\/\" class=\"wpspeedo-team--url\" aria-label=\"Per saperne di pi\u00f9 su EVM.\"><img loading=\"lazy\" decoding=\"async\" width=\"2048\" height=\"1448\" src=\"https:\/\/sts-project.eu\/wp-content\/uploads\/2025\/06\/Resim5.jpg\" class=\"attachment- size- wp-post-image\" alt=\"\" srcset=\"https:\/\/sts-project.eu\/wp-content\/uploads\/2025\/06\/Resim5.jpg 2048w, https:\/\/sts-project.eu\/wp-content\/uploads\/2025\/06\/Resim5-300x212.jpg 300w, https:\/\/sts-project.eu\/wp-content\/uploads\/2025\/06\/Resim5-1024x724.jpg 1024w, https:\/\/sts-project.eu\/wp-content\/uploads\/2025\/06\/Resim5-768x543.jpg 768w, https:\/\/sts-project.eu\/wp-content\/uploads\/2025\/06\/Resim5-1536x1086.jpg 1536w, https:\/\/sts-project.eu\/wp-content\/uploads\/2025\/06\/Resim5-18x12.jpg 18w\" sizes=\"(max-width: 2048px) 100vw, 2048px\" \/><\/a><\/div><\/div><h3 class=\"wps-team--member-title wps-team--member-element team-member--link\"><a href=\"https:\/\/sts-project.eu\/it\/wps-members\/evm\/\" class=\"wpspeedo-team--url\">EVM<\/a><\/h3><h4 class=\"wps-team--member-desig wps-team--member-element\">27-30 aprile - Elche, Spagna<\/h4><div class=\"wps-team--divider-wrapper wps-team--member-element\"><div class=\"wps-team--divider\"><\/div><\/div><div class=\"wps-team--member-details wps-team--member-details-excerpt wps-team--member-element\"><p>Durante questo incontro finale sono stati esaminati i risultati del progetto e sono state verificate le scadenze rimanenti da parte dei partner; il consorzio ha inoltre ricevuto la visita dei nostri colleghi di Elche Acoge che...<\/p>\n<\/div>\n                            <\/div>\n                        <\/div>\n                    <\/div>\n\n                    \n                \n                                \n                    <div class=\"wps-col wps-widget--item wps-widget--item-3252\">\n                        <div class=\"wpspeedo-team--single\">\n                            <div class=\"wps-team--single-inner\">\n                                \n                                <div class=\"team-member--thumbnail-wrapper wps-team--member-element\"><div class=\"team-member--thumbnail\"><a href=\"https:\/\/sts-project.eu\/it\/wps-members\/multiplier-event-in-germany\/\" class=\"wpspeedo-team--url\" aria-label=\"Ulteriori informazioni su Evento moltiplicatore in Germania.\"><img loading=\"lazy\" decoding=\"async\" width=\"305\" height=\"172\" src=\"https:\/\/sts-project.eu\/wp-content\/uploads\/2025\/06\/sss.jpg\" class=\"attachment- size- wp-post-image\" alt=\"\" srcset=\"https:\/\/sts-project.eu\/wp-content\/uploads\/2025\/06\/sss.jpg 305w, https:\/\/sts-project.eu\/wp-content\/uploads\/2025\/06\/sss-300x169.jpg 300w, https:\/\/sts-project.eu\/wp-content\/uploads\/2025\/06\/sss-18x10.jpg 18w\" sizes=\"(max-width: 305px) 100vw, 305px\" \/><\/a><\/div><\/div><h3 class=\"wps-team--member-title wps-team--member-element team-member--link\"><a href=\"https:\/\/sts-project.eu\/it\/wps-members\/multiplier-event-in-germany\/\" class=\"wpspeedo-team--url\">Evento moltiplicatore in Germania<\/a><\/h3><h4 class=\"wps-team--member-desig wps-team--member-element\">Berlino, Germania - 05.06.25<\/h4><div class=\"wps-team--divider-wrapper wps-team--member-element\"><div class=\"wps-team--divider\"><\/div><\/div><div class=\"wps-team--member-details wps-team--member-details-excerpt wps-team--member-element\"><p>70 partecipanti della comunit\u00e0, tra cui formatori locali e migranti, si sono riuniti per sfidarsi in un torneo di ping-pong e conoscere il progetto STS attraverso una presentazione. L'evento ha permesso di...<\/p>\n<\/div>\n                            <\/div>\n                        <\/div>\n                    <\/div>\n\n                    \n                \n                                \n                    <div class=\"wps-col wps-widget--item wps-widget--item-3218\">\n                        <div class=\"wpspeedo-team--single\">\n                            <div class=\"wps-team--single-inner\">\n                                \n                                <div class=\"team-member--thumbnail-wrapper wps-team--member-element\"><div class=\"team-member--thumbnail\"><a href=\"https:\/\/sts-project.eu\/it\/wps-members\/multiplier-event-in-spain\/\" class=\"wpspeedo-team--url\" aria-label=\"Ulteriori informazioni su Evento moltiplicatore in Spagna.\"><\/a><\/div><\/div><h3 class=\"wps-team--member-title wps-team--member-element team-member--link\"><a href=\"https:\/\/sts-project.eu\/it\/wps-members\/multiplier-event-in-spain\/\" class=\"wpspeedo-team--url\">Evento moltiplicatore in Spagna<\/a><\/h3><h4 class=\"wps-team--member-desig wps-team--member-element\">15.06.2025 - La Hoya, Spagna<\/h4><div class=\"wps-team--divider-wrapper wps-team--member-element\"><div class=\"wps-team--divider\"><\/div><\/div><div class=\"wps-team--member-details wps-team--member-details-excerpt wps-team--member-element\"><p>Il 21 giugno si \u00e8 tenuto a La Hoya, in Spagna, l'evento moltiplicatore del progetto STS. Durante l'evento, il personale dell'ACD LA HOYA ha tenuto una presentazione che ha evidenziato i principali risultati e ...<\/p>\n<\/div>\n                            <\/div>\n                        <\/div>\n                    <\/div>\n\n                    \n                \n                                \n                    <div class=\"wps-col wps-widget--item wps-widget--item-3222\">\n                        <div class=\"wpspeedo-team--single\">\n                            <div class=\"wps-team--single-inner\">\n                                \n                                <div class=\"team-member--thumbnail-wrapper wps-team--member-element\"><div class=\"team-member--thumbnail\"><a href=\"https:\/\/sts-project.eu\/it\/wps-members\/multiplier-event-in-greece\/\" class=\"wpspeedo-team--url\" aria-label=\"Ulteriori informazioni su Evento moltiplicatore in Grecia.\"><\/a><\/div><\/div><h3 class=\"wps-team--member-title wps-team--member-element team-member--link\"><a href=\"https:\/\/sts-project.eu\/it\/wps-members\/multiplier-event-in-greece\/\" class=\"wpspeedo-team--url\">Evento moltiplicatore in Grecia<\/a><\/h3><h4 class=\"wps-team--member-desig wps-team--member-element\">Evento moltiplicatore in Grecia<\/h4><div class=\"wps-team--divider-wrapper wps-team--member-element\"><div class=\"wps-team--divider\"><\/div><\/div><div class=\"wps-team--member-details wps-team--member-details-excerpt wps-team--member-element\"><p>Evento moltiplicatore in Grecia<\/p>\n<\/div>\n                            <\/div>\n                        <\/div>\n                    <\/div>\n\n                    \n                \n                                \n                    <div class=\"wps-col wps-widget--item wps-widget--item-3221\">\n                        <div class=\"wpspeedo-team--single\">\n                            <div class=\"wps-team--single-inner\">\n                                \n                                <div class=\"team-member--thumbnail-wrapper wps-team--member-element\"><div class=\"team-member--thumbnail\"><a href=\"https:\/\/sts-project.eu\/it\/wps-members\/multiplier-event-in-slovenia\/\" class=\"wpspeedo-team--url\" aria-label=\"Ulteriori informazioni su Evento moltiplicatore in Slovenia.\"><\/a><\/div><\/div><h3 class=\"wps-team--member-title wps-team--member-element team-member--link\"><a href=\"https:\/\/sts-project.eu\/it\/wps-members\/multiplier-event-in-slovenia\/\" class=\"wpspeedo-team--url\">Evento moltiplicatore in Slovenia<\/a><\/h3><h4 class=\"wps-team--member-desig wps-team--member-element\">23.6.2025 - Lubiana, Slovenia<\/h4><div class=\"wps-team--divider-wrapper wps-team--member-element\"><div class=\"wps-team--divider\"><\/div><\/div><div class=\"wps-team--member-details wps-team--member-details-excerpt wps-team--member-element\"><p>In collaborazione con il FIT CITY, centro fitness situato nel centro di Lubiana dove una buona parte degli utenti non \u00e8 slovena, Radio Capodistria ha organizzato una giornata di \"STS Training\", in cui gli utenti...<\/p>\n<\/div>\n                            <\/div>\n                        <\/div>\n                    <\/div>\n\n                    \n                \n                                \n                    <div class=\"wps-col wps-widget--item wps-widget--item-3223\">\n                        <div class=\"wpspeedo-team--single\">\n                            <div class=\"wps-team--single-inner\">\n                                \n                                <div class=\"team-member--thumbnail-wrapper wps-team--member-element\"><div class=\"team-member--thumbnail\"><a href=\"https:\/\/sts-project.eu\/it\/wps-members\/multiplier-event-in-italy\/\" class=\"wpspeedo-team--url\" aria-label=\"Ulteriori informazioni su Evento moltiplicatore in Italia.\"><img loading=\"lazy\" decoding=\"async\" width=\"868\" height=\"565\" src=\"https:\/\/sts-project.eu\/wp-content\/uploads\/2025\/06\/Resim6.png\" class=\"attachment- size- wp-post-image\" alt=\"\" srcset=\"https:\/\/sts-project.eu\/wp-content\/uploads\/2025\/06\/Resim6.png 868w, https:\/\/sts-project.eu\/wp-content\/uploads\/2025\/06\/Resim6-300x195.png 300w, https:\/\/sts-project.eu\/wp-content\/uploads\/2025\/06\/Resim6-768x500.png 768w, https:\/\/sts-project.eu\/wp-content\/uploads\/2025\/06\/Resim6-18x12.png 18w\" sizes=\"(max-width: 868px) 100vw, 868px\" \/><\/a><\/div><\/div><h3 class=\"wps-team--member-title wps-team--member-element team-member--link\"><a href=\"https:\/\/sts-project.eu\/it\/wps-members\/multiplier-event-in-italy\/\" class=\"wpspeedo-team--url\">Evento moltiplicatore in Italia<\/a><\/h3><h4 class=\"wps-team--member-desig wps-team--member-element\">14 giugno 2025 - Lodi, Italia<\/h4><div class=\"wps-team--divider-wrapper wps-team--member-element\"><div class=\"wps-team--divider\"><\/div><\/div><div class=\"wps-team--member-details wps-team--member-details-excerpt wps-team--member-element\"><p>Il 14 giugno 2025 si \u00e8 tenuto il \"Multiplier Event STS\", in collaborazione con \"Union Lodi\", per promuovere l'inclusione attraverso lo sport. La giornata si \u00e8 aperta con la presentazione del progetto europeo STS...<\/p>\n<\/div>\n                            <\/div>\n                        <\/div>\n                    <\/div>\n\n                    \n                \n                                \n                    <div class=\"wps-col wps-widget--item wps-widget--item-3225\">\n                        <div class=\"wpspeedo-team--single\">\n                            <div class=\"wps-team--single-inner\">\n                                \n                                <div class=\"team-member--thumbnail-wrapper wps-team--member-element\"><div class=\"team-member--thumbnail\"><a href=\"https:\/\/sts-project.eu\/it\/wps-members\/multiplier-event-in-poland\/\" class=\"wpspeedo-team--url\" aria-label=\"Ulteriori informazioni su Evento moltiplicatore in Polonia.\"><\/a><\/div><\/div><h3 class=\"wps-team--member-title wps-team--member-element team-member--link\"><a href=\"https:\/\/sts-project.eu\/it\/wps-members\/multiplier-event-in-poland\/\" class=\"wpspeedo-team--url\">Evento moltiplicatore in Polonia<\/a><\/h3><h4 class=\"wps-team--member-desig wps-team--member-element\">27.06.2025 - Wroc\u0142aw, Polonia<\/h4><div class=\"wps-team--divider-wrapper wps-team--member-element\"><div class=\"wps-team--divider\"><\/div><\/div><div class=\"wps-team--member-details wps-team--member-details-excerpt wps-team--member-element\"><p>Evento moltiplicatore in Polonia<\/p>\n<\/div>\n                            <\/div>\n                        <\/div>\n                    <\/div>\n\n                    \n                        \n            <\/div>\n\n        \n                \n        <div class=\"wps-team--not-found-wrapper\">\n            <div class=\"wps-team--not-found\">Nessun risultato trovato<\/div>\n        <\/div>\n\n        \n    <\/div>\n\n        \n<\/div>\n\n\n\n<div style=\"height:69px\" aria-hidden=\"true\" class=\"wp-block-spacer\"><\/div>","protected":false},"excerpt":{"rendered":"","protected":false},"author":1,"featured_media":0,"parent":0,"menu_order":0,"comment_status":"closed","ping_status":"closed","template":"","meta":{"_kadence_starter_templates_imported_post":false,"_kad_post_transparent":"","_kad_post_title":"hide","_kad_post_layout":"fullwidth","_kad_post_sidebar_id":"","_kad_post_content_style":"unboxed","_kad_post_vertical_padding":"hide","_kad_post_feature":"hide","_kad_post_feature_position":"","_kad_post_header":false,"_kad_post_footer":false,"_kad_post_classname":"","footnotes":""},"class_list":["post-713","page","type-page","status-publish","hentry"],"_links":{"self":[{"href":"https:\/\/sts-project.eu\/it\/wp-json\/wp\/v2\/pages\/713","targetHints":{"allow":["GET"]}}],"collection":[{"href":"https:\/\/sts-project.eu\/it\/wp-json\/wp\/v2\/pages"}],"about":[{"href":"https:\/\/sts-project.eu\/it\/wp-json\/wp\/v2\/types\/page"}],"author":[{"embeddable":true,"href":"https:\/\/sts-project.eu\/it\/wp-json\/wp\/v2\/users\/1"}],"replies":[{"embeddable":true,"href":"https:\/\/sts-project.eu\/it\/wp-json\/wp\/v2\/comments?post=713"}],"version-history":[{"count":0,"href":"https:\/\/sts-project.eu\/it\/wp-json\/wp\/v2\/pages\/713\/revisions"}],"wp:attachment":[{"href":"https:\/\/sts-project.eu\/it\/wp-json\/wp\/v2\/media?parent=713"}],"curies":[{"name":"wp","href":"https:\/\/api.w.org\/{rel}","templated":true}]}}