{"id":1641,"date":"2025-05-27T18:52:28","date_gmt":"2025-05-27T18:52:28","guid":{"rendered":"https:\/\/sts-project.eu\/?page_id=1641"},"modified":"2025-06-27T09:50:26","modified_gmt":"2025-06-27T09:50:26","slug":"courses","status":"publish","type":"page","link":"https:\/\/sts-project.eu\/pl\/courses\/","title":{"rendered":"Kursy e-learningowe"},"content":{"rendered":"<div data-elementor-type=\"wp-page\" data-elementor-id=\"1641\" class=\"elementor elementor-1641\">\n\t\t\t\t<div class=\"elementor-element elementor-element-7736e5c e-flex e-con-boxed e-con e-parent\" data-id=\"7736e5c\" data-element_type=\"container\" data-e-type=\"container\">\n\t\t\t\t\t<div class=\"e-con-inner\">\n\t\t\t\t<div class=\"elementor-element elementor-element-4b1429a elementor-widget elementor-widget-heading\" data-id=\"4b1429a\" data-element_type=\"widget\" data-e-type=\"widget\" data-widget_type=\"heading.default\">\n\t\t\t\t<div class=\"elementor-widget-container\">\n\t\t\t\t\t<h2 class=\"elementor-heading-title elementor-size-default\">Lista kurs\u00f3w<\/h2>\t\t\t\t<\/div>\n\t\t\t\t<\/div>\n\t\t\t\t\t<\/div>\n\t\t\t\t<\/div>\n\t\t<div class=\"elementor-element elementor-element-0196247 e-flex e-con-boxed e-con e-parent\" data-id=\"0196247\" data-element_type=\"container\" data-e-type=\"container\">\n\t\t\t\t\t<div class=\"e-con-inner\">\n\t\t\t\t<div class=\"elementor-element elementor-element-82958c1 e-n-tabs-mobile elementor-widget elementor-widget-n-tabs\" data-id=\"82958c1\" data-element_type=\"widget\" data-e-type=\"widget\" data-settings=\"{&quot;horizontal_scroll&quot;:&quot;disable&quot;}\" data-widget_type=\"nested-tabs.default\">\n\t\t\t\t<div class=\"elementor-widget-container\">\n\t\t\t\t\t\t\t<div class=\"e-n-tabs\" data-widget-number=\"136927425\" aria-label=\"Karty. Otwieraj elementy za pomoc\u0105 Enter lub Spacji, zamykaj za pomoc\u0105 Escape i nawiguj za pomoc\u0105 klawiszy strza\u0142ek.\" data-no-translation-aria-label=\"\">\n\t\t\t<div class=\"e-n-tabs-heading\" role=\"tablist\">\n\t\t\t\t\t<button id=\"e-n-tab-title-1369274251\" data-tab-title-id=\"e-n-tab-title-1369274251\" class=\"e-n-tab-title\" aria-selected=\"true\" data-tab-index=\"1\" role=\"tab\" tabindex=\"0\" aria-controls=\"e-n-tab-content-1369274251\" style=\"--n-tabs-title-order: 1;\">\n\t\t\t\t\t\t<span class=\"e-n-tab-title-text\">\n\t\t\t\tProgram edukacyjny\t\t\t<\/span>\n\t\t<\/button>\n\t\t\t\t<button id=\"e-n-tab-title-1369274252\" data-tab-title-id=\"e-n-tab-title-1369274252\" class=\"e-n-tab-title\" aria-selected=\"false\" data-tab-index=\"2\" role=\"tab\" tabindex=\"-1\" aria-controls=\"e-n-tab-content-1369274252\" style=\"--n-tabs-title-order: 2;\">\n\t\t\t\t\t\t<span class=\"e-n-tab-title-text\">\n\t\t\t\tFormat szkolenia\t\t\t<\/span>\n\t\t<\/button>\n\t\t\t\t\t<\/div>\n\t\t\t<div class=\"e-n-tabs-content\">\n\t\t\t\t<div id=\"e-n-tab-content-1369274251\" role=\"tabpanel\" aria-labelledby=\"e-n-tab-title-1369274251\" data-tab-index=\"1\" style=\"--n-tabs-title-order: 1;\" class=\"e-active elementor-element elementor-element-48a7335 e-con-full e-flex e-con e-child\" data-id=\"48a7335\" data-element_type=\"container\" data-e-type=\"container\">\n\t\t<div class=\"elementor-element elementor-element-ed06f26 e-flex e-con-boxed e-con e-child\" data-id=\"ed06f26\" data-element_type=\"container\" data-e-type=\"container\">\n\t\t\t\t\t<div class=\"e-con-inner\">\n\t\t\t\t<div class=\"elementor-element elementor-element-bf47d78 elementor-invisible elementor-widget elementor-widget-learnpress_list_courses\" data-id=\"bf47d78\" data-element_type=\"widget\" data-e-type=\"widget\" data-settings=\"{&quot;_animation&quot;:&quot;fadeIn&quot;}\" data-widget_type=\"learnpress_list_courses.default\">\n\t\t\t\t<div class=\"elementor-widget-container\">\n\t\t\t\t\t\t\t\t<div class=\"lp-archive-courses\">\r\n\t\t\t\t<ul class=\"learn-press-courses lp-list-courses-no-css\" data-layout=\"list\"\r\n\t\t\t\t\tdata-size=\"10\">\r\n\t\t\t\t\t<li class=\"course\"><div class=\"course-item\" data-id=\"3166\"><div class=\"course-thumbnail\"><a href=\"https:\/\/sts-project.eu\/pl\/courses\/educational-curriculum\/\"><div class=\"course-img\"><img decoding=\"async\" src=\"https:\/\/sts-project.eu\/wp-content\/uploads\/2025\/06\/510228075_1186787386584336_1580412983695046348_n-500x300.jpg\" alt=\"course thumbnail\"><\/div><\/a><\/div><div class=\"course-content\"><h3 class=\"wap-course-title\"><a class=\"course-permalink\" href=\"https:\/\/sts-project.eu\/pl\/courses\/educational-curriculum\/\"><span class='course-title'>Program edukacyjny<\/span><\/a><\/h3><div class=\"course-instructor-category\"><div><label>przez<\/label> <div class=\"course-instructor\"><a href=\"https:\/\/sts-project.eu\/pl\/instructor\/mvngo.online\/\"  > <span class=\"instructor-display-name\">Administrator STS<\/span><\/a><\/div><\/div><div><label>w<\/label> <div class=\"course-categories\"><a href=\"https:\/\/sts-project.eu\/pl\/course-category\/educational-curriculum\/\" >Program edukacyjny<\/a><\/div><\/div><\/div><div class=\"course-wrap-meta\"><div class=\"meta-item meta-item-duration\"><span class=\"course-duration\">Do\u017cywotni<\/span><\/div><div class=\"meta-item meta-item-level\"><span class=\"course-level\">Wszystkie poziomy<\/span><\/div><div class=\"meta-item meta-item-lesson\"><div class=\"course-count-item lp_lesson\">84 Lessons<\/div><\/div><div class=\"meta-item meta-item-quiz\"><div class=\"course-count-item lp_quiz\">6 Quiz\u00f3w<\/div><\/div><div class=\"meta-item meta-item-student\"><div class=\"course-count-student\">13 Students<\/div><\/div><\/div><div class=\"course-info\"><span class=\"course-price\"><span class=\"course-item-price\"><span class=\"free\">Darmowy<\/span><\/span><\/span><div class=\"course-readmore\"><a href=\"https:\/\/sts-project.eu\/pl\/courses\/educational-curriculum\/\">Enroll Now<\/a><\/div><\/div><\/div><\/div><\/li>\t\t\t\t<\/ul>\r\n\t\t\t<\/div>\r\n\t\t\t\t\t\t\t<\/div>\n\t\t\t\t<\/div>\n\t\t\t\t\t<\/div>\n\t\t\t\t<\/div>\n\t\t\t\t<\/div>\n\t\t<div id=\"e-n-tab-content-1369274252\" role=\"tabpanel\" aria-labelledby=\"e-n-tab-title-1369274252\" data-tab-index=\"2\" style=\"--n-tabs-title-order: 2;\" class=\"elementor-element elementor-element-1659ec3 e-con-full e-flex e-con e-child\" data-id=\"1659ec3\" data-element_type=\"container\" data-e-type=\"container\">\n\t\t<div class=\"elementor-element elementor-element-e3e0ffa e-flex e-con-boxed e-con e-child\" data-id=\"e3e0ffa\" data-element_type=\"container\" data-e-type=\"container\">\n\t\t\t\t\t<div class=\"e-con-inner\">\n\t\t\t\t<div class=\"elementor-element elementor-element-bfb677d elementor-invisible elementor-widget elementor-widget-learnpress_list_courses\" data-id=\"bfb677d\" data-element_type=\"widget\" data-e-type=\"widget\" data-settings=\"{&quot;_animation&quot;:&quot;fadeIn&quot;}\" data-widget_type=\"learnpress_list_courses.default\">\n\t\t\t\t<div class=\"elementor-widget-container\">\n\t\t\t\t\t\t\t\t<div class=\"lp-archive-courses\">\r\n\t\t\t\t<ul class=\"learn-press-courses lp-list-courses-no-css\" data-layout=\"list\"\r\n\t\t\t\t\tdata-size=\"10\">\r\n\t\t\t\t\t<li class=\"course\"><div class=\"course-item\" data-id=\"2227\"><div class=\"course-thumbnail\"><a href=\"https:\/\/sts-project.eu\/pl\/courses\/module-1-basics-of-physical-fitness-and-education\/\"><div class=\"course-img\"><img decoding=\"async\" src=\"https:\/\/sts-project.eu\/wp-content\/uploads\/2025\/06\/511075038_1096999292278261_2012865826577627771_n-500x300.jpg\" alt=\"course thumbnail\"><\/div><\/a><\/div><div class=\"course-content\"><h3 class=\"wap-course-title\"><a class=\"course-permalink\" href=\"https:\/\/sts-project.eu\/pl\/courses\/module-1-basics-of-physical-fitness-and-education\/\"><span class='course-title'>Format szkolenia<\/span><\/a><\/h3><div class=\"course-instructor-category\"><div><label>przez<\/label> <div class=\"course-instructor\"><a href=\"https:\/\/sts-project.eu\/pl\/instructor\/mvngo.online\/\"  > <span class=\"instructor-display-name\">Administrator STS<\/span><\/a><\/div><\/div><div><label>w<\/label> <div class=\"course-categories\"><a href=\"https:\/\/sts-project.eu\/pl\/course-category\/training-format\/\" >Format szkolenia<\/a><\/div><\/div><\/div><div class=\"course-wrap-meta\"><div class=\"meta-item meta-item-duration\"><span class=\"course-duration\">Do\u017cywotni<\/span><\/div><div class=\"meta-item meta-item-level\"><span class=\"course-level\">Wszystkie poziomy<\/span><\/div><div class=\"meta-item meta-item-lesson\"><div class=\"course-count-item lp_lesson\">96 Lekcje<\/div><\/div><div class=\"meta-item meta-item-quiz\"><div class=\"course-count-item lp_quiz\">6 Quiz\u00f3w<\/div><\/div><div class=\"meta-item meta-item-student\"><div class=\"course-count-student\">9 Studenci<\/div><\/div><\/div><div class=\"course-info\"><span class=\"course-price\"><span class=\"course-item-price\"><span class=\"free\">Darmowy<\/span><\/span><\/span><div class=\"course-readmore\"><a href=\"https:\/\/sts-project.eu\/pl\/courses\/module-1-basics-of-physical-fitness-and-education\/\">Enroll Now<\/a><\/div><\/div><\/div><\/div><\/li>\t\t\t\t<\/ul>\r\n\t\t\t<\/div>\r\n\t\t\t\t\t\t\t<\/div>\n\t\t\t\t<\/div>\n\t\t\t\t\t<\/div>\n\t\t\t\t<\/div>\n\t\t\t\t<\/div>\n\t\t\t\t\t<\/div>\n\t\t<\/div>\n\t\t\t\t\t\t<\/div>\n\t\t\t\t<\/div>\n\t\t\t\t\t<\/div>\n\t\t\t\t<\/div>\n\t\t\t\t<\/div>","protected":false},"excerpt":{"rendered":"<p>Lista kurs\u00f3w Edukacyjny program nauczania Format szkolenia Edukacyjny program nauczania wed\u0142ug STS Adminin Edukacyjny program nauczania10 tygodniWszystkie poziomy84 Lekcje6 Quizy5 Uczni\u00f3wDarmowe Czytaj dalej...<\/p>","protected":false},"author":1,"featured_media":0,"parent":0,"menu_order":0,"comment_status":"closed","ping_status":"closed","template":"","meta":{"_kadence_starter_templates_imported_post":false,"_kad_post_transparent":"","_kad_post_title":"hide","_kad_post_layout":"fullwidth","_kad_post_sidebar_id":"","_kad_post_content_style":"unboxed","_kad_post_vertical_padding":"hide","_kad_post_feature":"hide","_kad_post_feature_position":"","_kad_post_header":false,"_kad_post_footer":false,"_kad_post_classname":"","footnotes":""},"class_list":["post-1641","page","type-page","status-publish","hentry"],"_links":{"self":[{"href":"https:\/\/sts-project.eu\/pl\/wp-json\/wp\/v2\/pages\/1641","targetHints":{"allow":["GET"]}}],"collection":[{"href":"https:\/\/sts-project.eu\/pl\/wp-json\/wp\/v2\/pages"}],"about":[{"href":"https:\/\/sts-project.eu\/pl\/wp-json\/wp\/v2\/types\/page"}],"author":[{"embeddable":true,"href":"https:\/\/sts-project.eu\/pl\/wp-json\/wp\/v2\/users\/1"}],"replies":[{"embeddable":true,"href":"https:\/\/sts-project.eu\/pl\/wp-json\/wp\/v2\/comments?post=1641"}],"version-history":[{"count":0,"href":"https:\/\/sts-project.eu\/pl\/wp-json\/wp\/v2\/pages\/1641\/revisions"}],"wp:attachment":[{"href":"https:\/\/sts-project.eu\/pl\/wp-json\/wp\/v2\/media?parent=1641"}],"curies":[{"name":"wp","href":"https:\/\/api.w.org\/{rel}","templated":true}]}}