{"id":707,"date":"2025-01-27T11:47:38","date_gmt":"2025-01-27T11:47:38","guid":{"rendered":"https:\/\/bf857664-b1a3-4b88-ac23-85d89f32b544.eu05.conves.io\/?page_id=707"},"modified":"2025-02-13T12:38:07","modified_gmt":"2025-02-13T12:38:07","slug":"about","status":"publish","type":"page","link":"https:\/\/sts-project.eu\/pl\/about\/","title":{"rendered":"O nas"},"content":{"rendered":"<div data-elementor-type=\"wp-page\" data-elementor-id=\"707\" class=\"elementor elementor-707\">\n\t\t\t\t<div class=\"elementor-element elementor-element-17f4c45f e-flex e-con-boxed e-con e-parent\" data-id=\"17f4c45f\" data-element_type=\"container\" data-e-type=\"container\">\n\t\t\t\t\t<div class=\"e-con-inner\">\n\t\t\t\t<div class=\"elementor-element elementor-element-189e77e7 elementor-widget elementor-widget-text-editor\" data-id=\"189e77e7\" data-element_type=\"widget\" data-e-type=\"widget\" data-widget_type=\"text-editor.default\">\n\t\t\t\t<div class=\"elementor-widget-container\">\n\t\t\t\t\t\t\t\t\t\n<div class=\"wp-block-spacer\" style=\"height: 23px;\" aria-hidden=\"true\">\u00a0<\/div>\n\n<div class=\"wp-block-media-text alignwide has-media-on-the-right is-stacked-on-mobile is-vertically-aligned-center has-theme-palette-8-background-color has-background\">\n<div class=\"wp-block-media-text__content\">\n<div class=\"wp-block-group\" style=\"padding: 2em;\"><div class=\"wp-block-group__inner-container is-layout-flow wp-block-group-is-layout-flow\">\n<p style=\"font-size: 36px; line-height: 1.2;\"><strong>O nas<\/strong><\/p>\n\n<p class=\"has-extra-small-font-size\">Osoby ze <strong>\u015brodowisk migracyjnych<\/strong> s\u0105 <strong>nadal niedostatecznie reprezentowane w aktywno\u015bciach sportowych <\/strong>na r\u00f3\u017cnych poziomach odpowiedzialno\u015bci. Ju\u017c w Bia\u0142ej Ksi\u0119dze na temat sportu (2007) podkre\u015blano, \u017ce \u201enale\u017cy zapewni\u0107 dost\u0119pno\u015b\u0107 aktywno\u015bci sportowej dla wszystkich obywateli (...) i uwzgl\u0119dni\u0107 szczeg\u00f3lne potrzeby oraz sytuacj\u0119 grup niedostatecznie reprezentowanych\u201d.\n\nWsp\u00f3\u0142cze\u015bni europejscy badacze podkre\u015blaj\u0105 korzy\u015bci p\u0142yn\u0105ce ze sportu jako narz\u0119dzia integracji etnicznej i spo\u0142ecznej.\u00a0<\/p>\n\n<p>Uczestnicy projektu<strong>\u201eSport Trainers Squared\u201d<\/strong>\u201d <strong>projekt <\/strong>okre\u015bl\u0105 metody, kt\u00f3re mo\u017cna wykorzysta\u0107 do przygotowania<strong> os\u00f3b ze \u015brodowisk migracyjnych do roli trener\u00f3w sportowych.<\/strong> Inicjatywa ma na celu identyfikacj\u0119 istniej\u0105cej wiedzy i do\u015bwiadcze\u0144 trener\u00f3w sportowych, aby opracowa\u0107 szkolenie dostosowane do potrzeb os\u00f3b migruj\u0105cych \u2014 w tym kurs online. Co najwa\u017cniejsze, projekt d\u0105\u017cy do wzmocnienia pozycji migrant\u00f3w i przygotowania ich do roli instruktor\u00f3w sportu poprzez metodologi\u0119 Edukacji przez Sport (ETS), wspieraj\u0105c jednocze\u015bnie ich dalsz\u0105 aktywizacj\u0119 zawodow\u0105. <strong>Zosta\u0144 instruktorem sportu dzi\u0119ki metodologii ETS<\/strong>\u2013 to r\u00f3wnie\u017c krok w kierunku dalszej aktywizacji zawodowej. \u00a0\u00a0<\/p>\n<\/div><\/div>\n<\/div>\n<figure class=\"wp-block-media-text__media\"><img fetchpriority=\"high\" decoding=\"async\" width=\"1024\" height=\"683\" class=\"wp-image-734 size-full\" src=\"https:\/\/bf857664-b1a3-4b88-ac23-85d89f32b544.eu05.conves.io\/wp-content\/uploads\/2025\/01\/medium-shot-women-playing-basketball-1024x683.jpg\" alt=\"\" srcset=\"https:\/\/sts-project.eu\/wp-content\/uploads\/2025\/01\/medium-shot-women-playing-basketball-1024x683.jpg 1024w, https:\/\/sts-project.eu\/wp-content\/uploads\/2025\/01\/medium-shot-women-playing-basketball-300x200.jpg 300w, https:\/\/sts-project.eu\/wp-content\/uploads\/2025\/01\/medium-shot-women-playing-basketball-768x512.jpg 768w, https:\/\/sts-project.eu\/wp-content\/uploads\/2025\/01\/medium-shot-women-playing-basketball-1536x1024.jpg 1536w, https:\/\/sts-project.eu\/wp-content\/uploads\/2025\/01\/medium-shot-women-playing-basketball-600x400.jpg 600w\" sizes=\"(max-width: 1024px) 100vw, 1024px\" \/><\/figure>\n<\/div>\n\n<div class=\"wp-block-media-text alignwide is-stacked-on-mobile is-vertically-aligned-center has-theme-palette-7-background-color has-background\">\n<figure class=\"wp-block-media-text__media\"><img decoding=\"async\" width=\"1024\" height=\"683\" class=\"wp-image-737 size-full\" src=\"https:\/\/bf857664-b1a3-4b88-ac23-85d89f32b544.eu05.conves.io\/wp-content\/uploads\/2025\/01\/multiethnic-athlete-group-talking-with-each-other-running-track-1024x683.jpg\" alt=\"\" srcset=\"https:\/\/sts-project.eu\/wp-content\/uploads\/2025\/01\/multiethnic-athlete-group-talking-with-each-other-running-track-1024x683.jpg 1024w, https:\/\/sts-project.eu\/wp-content\/uploads\/2025\/01\/multiethnic-athlete-group-talking-with-each-other-running-track-300x200.jpg 300w, https:\/\/sts-project.eu\/wp-content\/uploads\/2025\/01\/multiethnic-athlete-group-talking-with-each-other-running-track-768x512.jpg 768w, https:\/\/sts-project.eu\/wp-content\/uploads\/2025\/01\/multiethnic-athlete-group-talking-with-each-other-running-track-1536x1024.jpg 1536w, https:\/\/sts-project.eu\/wp-content\/uploads\/2025\/01\/multiethnic-athlete-group-talking-with-each-other-running-track-2048x1365.jpg 2048w, https:\/\/sts-project.eu\/wp-content\/uploads\/2025\/01\/multiethnic-athlete-group-talking-with-each-other-running-track-600x400.jpg 600w\" sizes=\"(max-width: 1024px) 100vw, 1024px\" \/><\/figure>\n<div class=\"wp-block-media-text__content\">\n<div class=\"wp-block-group\" style=\"padding: 2em;\"><div class=\"wp-block-group__inner-container is-layout-flow wp-block-group-is-layout-flow\">\n<p class=\"has-extra-small-font-size\">W pierwszej kolejno\u015bci partnerzy projektu przeprowadz\u0105 <strong>badania przekrojowe,<\/strong> aby zidentyfikowa\u0107 <strong>potrzeby<\/strong> dw\u00f3ch g\u0142\u00f3wnych grup docelowych: os\u00f3b ze \u015brodowisk migracyjnych oraz trener\u00f3w sportowych. Celem b\u0119dzie ocena ich obecnej wiedzy, a tak\u017ce zbadanie metod i praktyk, kt\u00f3re mog\u0105 wspiera\u0107 ich rozw\u00f3j zawodowy.\u00a0\u00a0\u00a0<\/p>\n\n<p>Nast\u0119pnie <strong>zostanie zaprojektowany i przetestowany program edukacyjny dla trener\u00f3w sportowych<\/strong> i edukator\u00f3w. Pilota\u017cowe wdro\u017cenie odb\u0119dzie si\u0119 w ka\u017cdym kraju partnerskim, z udzia\u0142em 5 uczestnik\u00f3w. Na podstawie tych dzia\u0142a\u0144 opracowany zostanie kurs online, zintegrowany z platform\u0105 internetow\u0105 projektu, co umo\u017cliwi innym trenerom sportowym uko\u0144czenie szkolenia i uzyskanie certyfikatu.\u00a0\u00a0\u00a0<\/p>\n\n<p class=\"has-extra-small-font-size\">Na ko\u0144cu trenerzy sportowi, kt\u00f3rzy uczestniczyli w fazie pilota\u017cowej, przeprowadz\u0105 dzia\u0142ania maj\u0105ce na celu wzmocnienie pozycji lokalnych migrant\u00f3w. Ich do\u015bwiadczenia zostan\u0105 zebrane i podsumowane w dokumencie podsumowuj\u0105cym <strong>format szkolenia,<\/strong>s\u0142u\u017c\u0105cym do oceny jego skuteczno\u015bci i adekwatno\u015bci.\u00a0<\/p>\n<\/div><\/div>\n<\/div>\n<\/div>\n\n<p class=\"has-theme-palette-2-background-color has-background\">\u00a0<\/p>\n\t\t\t\t\t\t\t\t<\/div>\n\t\t\t\t<\/div>\n\t\t\t\t\t<\/div>\n\t\t\t\t<\/div>\n\t\t\t\t<\/div>","protected":false},"excerpt":{"rendered":"<p>\u00a0<\/p>","protected":false},"author":1,"featured_media":0,"parent":0,"menu_order":0,"comment_status":"closed","ping_status":"closed","template":"","meta":{"_kadence_starter_templates_imported_post":false,"_kad_post_transparent":"","_kad_post_title":"","_kad_post_layout":"","_kad_post_sidebar_id":"","_kad_post_content_style":"","_kad_post_vertical_padding":"","_kad_post_feature":"","_kad_post_feature_position":"","_kad_post_header":false,"_kad_post_footer":false,"_kad_post_classname":"","footnotes":""},"class_list":["post-707","page","type-page","status-publish","hentry"],"_links":{"self":[{"href":"https:\/\/sts-project.eu\/pl\/wp-json\/wp\/v2\/pages\/707","targetHints":{"allow":["GET"]}}],"collection":[{"href":"https:\/\/sts-project.eu\/pl\/wp-json\/wp\/v2\/pages"}],"about":[{"href":"https:\/\/sts-project.eu\/pl\/wp-json\/wp\/v2\/types\/page"}],"author":[{"embeddable":true,"href":"https:\/\/sts-project.eu\/pl\/wp-json\/wp\/v2\/users\/1"}],"replies":[{"embeddable":true,"href":"https:\/\/sts-project.eu\/pl\/wp-json\/wp\/v2\/comments?post=707"}],"version-history":[{"count":0,"href":"https:\/\/sts-project.eu\/pl\/wp-json\/wp\/v2\/pages\/707\/revisions"}],"wp:attachment":[{"href":"https:\/\/sts-project.eu\/pl\/wp-json\/wp\/v2\/media?parent=707"}],"curies":[{"name":"wp","href":"https:\/\/api.w.org\/{rel}","templated":true}]}}