{"id":711,"date":"2025-01-27T11:47:57","date_gmt":"2025-01-27T11:47:57","guid":{"rendered":"https:\/\/bf857664-b1a3-4b88-ac23-85d89f32b544.eu05.conves.io\/?page_id=711"},"modified":"2025-03-24T08:58:47","modified_gmt":"2025-03-24T08:58:47","slug":"results","status":"publish","type":"page","link":"https:\/\/sts-project.eu\/pl\/results\/","title":{"rendered":"Wyniki"},"content":{"rendered":"<div style=\"height:86px\" aria-hidden=\"true\" class=\"wp-block-spacer\"><\/div>\n\n\n<style>.kt-accordion-id711_7d586d-46 .kt-accordion-inner-wrap{column-gap:var(--global-kb-gap-md, 2rem);row-gap:25px;display:grid;grid-template-columns:repeat(2, minmax(0, 1fr));}.kt-accordion-id711_7d586d-46 .kt-accordion-panel-inner{border-top:1px solid var(--global-palette1, #3182CE);border-right:1px solid var(--global-palette1, #3182CE);border-bottom:1px solid var(--global-palette1, #3182CE);border-left:1px solid var(--global-palette1, #3182CE);background:#ffffff;padding-top:var(--global-kb-spacing-sm, 1.5rem);padding-right:var(--global-kb-spacing-sm, 1.5rem);padding-bottom:var(--global-kb-spacing-sm, 1.5rem);padding-left:var(--global-kb-spacing-sm, 1.5rem);}.kt-accordion-id711_7d586d-46 > .kt-accordion-inner-wrap > .wp-block-kadence-pane > .kt-accordion-header-wrap > .kt-blocks-accordion-header{border-top:0px solid #f2f2f2;border-right:0px solid #f2f2f2;border-bottom:0px solid #f2f2f2;border-left:0px solid #f2f2f2;border-top-left-radius:6px;border-top-right-radius:6px;border-bottom-right-radius:6px;border-bottom-left-radius:6px;background:#f2f2f2;color:#555555;padding-top:14px;padding-right:16px;padding-bottom:14px;padding-left:16px;}.kt-accordion-id711_7d586d-46:not( .kt-accodion-icon-style-basiccircle ):not( .kt-accodion-icon-style-xclosecircle ):not( .kt-accodion-icon-style-arrowcircle )  > .kt-accordion-inner-wrap > .wp-block-kadence-pane > .kt-accordion-header-wrap .kt-blocks-accordion-icon-trigger:after, .kt-accordion-id711_7d586d-46:not( .kt-accodion-icon-style-basiccircle ):not( .kt-accodion-icon-style-xclosecircle ):not( .kt-accodion-icon-style-arrowcircle )  > .kt-accordion-inner-wrap > .wp-block-kadence-pane > .kt-accordion-header-wrap .kt-blocks-accordion-icon-trigger:before{background:#555555;}.kt-accordion-id711_7d586d-46:not( .kt-accodion-icon-style-basic ):not( .kt-accodion-icon-style-xclose ):not( .kt-accodion-icon-style-arrow ) .kt-blocks-accordion-icon-trigger{background:#555555;}.kt-accordion-id711_7d586d-46:not( .kt-accodion-icon-style-basic ):not( .kt-accodion-icon-style-xclose ):not( .kt-accodion-icon-style-arrow ) .kt-blocks-accordion-icon-trigger:after, .kt-accordion-id711_7d586d-46:not( .kt-accodion-icon-style-basic ):not( .kt-accodion-icon-style-xclose ):not( .kt-accodion-icon-style-arrow ) .kt-blocks-accordion-icon-trigger:before{background:#f2f2f2;}.kt-accordion-id711_7d586d-46 > .kt-accordion-inner-wrap > .wp-block-kadence-pane > .kt-accordion-header-wrap > .kt-blocks-accordion-header:hover, \n\t\t\t\tbody:not(.hide-focus-outline) .kt-accordion-id711_7d586d-46 .kt-blocks-accordion-header:focus-visible{color:#444444;background:#eeeeee;border-top-color:#eeeeee;border-top-style:solid;border-right-color:#eeeeee;border-right-style:solid;border-bottom-color:#eeeeee;border-bottom-style:solid;border-left-color:#eeeeee;border-left-style:solid;}.kt-accordion-id711_7d586d-46:not( .kt-accodion-icon-style-basiccircle ):not( .kt-accodion-icon-style-xclosecircle ):not( .kt-accodion-icon-style-arrowcircle ) .kt-accordion-header-wrap .kt-blocks-accordion-header:hover .kt-blocks-accordion-icon-trigger:after, .kt-accordion-id711_7d586d-46:not( .kt-accodion-icon-style-basiccircle ):not( .kt-accodion-icon-style-xclosecircle ):not( .kt-accodion-icon-style-arrowcircle ) .kt-accordion-header-wrap .kt-blocks-accordion-header:hover .kt-blocks-accordion-icon-trigger:before, body:not(.hide-focus-outline) .kt-accordion-id711_7d586d-46:not( .kt-accodion-icon-style-basiccircle ):not( .kt-accodion-icon-style-xclosecircle ):not( .kt-accodion-icon-style-arrowcircle ) .kt-blocks-accordion--visible .kt-blocks-accordion-icon-trigger:after, body:not(.hide-focus-outline) .kt-accordion-id711_7d586d-46:not( .kt-accodion-icon-style-basiccircle ):not( .kt-accodion-icon-style-xclosecircle ):not( .kt-accodion-icon-style-arrowcircle ) .kt-blocks-accordion-header:focus-visible .kt-blocks-accordion-icon-trigger:before{background:#444444;}.kt-accordion-id711_7d586d-46:not( .kt-accodion-icon-style-basic ):not( .kt-accodion-icon-style-xclose ):not( .kt-accodion-icon-style-arrow ) .kt-accordion-header-wrap .kt-blocks-accordion-header:hover .kt-blocks-accordion-icon-trigger, body:not(.hide-focus-outline) .kt-accordion-id711_7d586d-46:not( .kt-accodion-icon-style-basic ):not( .kt-accodion-icon-style-xclose ):not( .kt-accodion-icon-style-arrow ) .kt-accordion-header-wrap .kt-blocks-accordion-header:focus-visible .kt-blocks-accordion-icon-trigger{background:#444444;}.kt-accordion-id711_7d586d-46:not( .kt-accodion-icon-style-basic ):not( .kt-accodion-icon-style-xclose ):not( .kt-accodion-icon-style-arrow ) .kt-accordion-header-wrap .kt-blocks-accordion-header:hover .kt-blocks-accordion-icon-trigger:after, .kt-accordion-id711_7d586d-46:not( .kt-accodion-icon-style-basic ):not( .kt-accodion-icon-style-xclose ):not( .kt-accodion-icon-style-arrow ) .kt-accordion-header-wrap .kt-blocks-accordion-header:hover .kt-blocks-accordion-icon-trigger:before, body:not(.hide-focus-outline) .kt-accordion-id711_7d586d-46:not( .kt-accodion-icon-style-basic ):not( .kt-accodion-icon-style-xclose ):not( .kt-accodion-icon-style-arrow ) .kt-accordion-header-wrap .kt-blocks-accordion-header:focus-visible .kt-blocks-accordion-icon-trigger:after, body:not(.hide-focus-outline) .kt-accordion-id711_7d586d-46:not( .kt-accodion-icon-style-basic ):not( .kt-accodion-icon-style-xclose ):not( .kt-accodion-icon-style-arrow ) .kt-accordion-header-wrap .kt-blocks-accordion-header:focus-visible .kt-blocks-accordion-icon-trigger:before{background:#eeeeee;}.kt-accordion-id711_7d586d-46 .kt-accordion-header-wrap .kt-blocks-accordion-header:focus-visible,\n\t\t\t\t.kt-accordion-id711_7d586d-46 > .kt-accordion-inner-wrap > .wp-block-kadence-pane > .kt-accordion-header-wrap > .kt-blocks-accordion-header.kt-accordion-panel-active{color:#ffffff;background:var(--global-palette1, #3182CE);border-top-color:#BE530B;border-top-style:solid;border-right-color:#BE530B;border-right-style:solid;border-bottom-color:#BE530B;border-bottom-style:solid;border-left-color:#BE530B;border-left-style:solid;}.kt-accordion-id711_7d586d-46:not( .kt-accodion-icon-style-basiccircle ):not( .kt-accodion-icon-style-xclosecircle ):not( .kt-accodion-icon-style-arrowcircle )  > .kt-accordion-inner-wrap > .wp-block-kadence-pane > .kt-accordion-header-wrap > .kt-blocks-accordion-header.kt-accordion-panel-active .kt-blocks-accordion-icon-trigger:after, .kt-accordion-id711_7d586d-46:not( .kt-accodion-icon-style-basiccircle ):not( .kt-accodion-icon-style-xclosecircle ):not( .kt-accodion-icon-style-arrowcircle )  > .kt-accordion-inner-wrap > .wp-block-kadence-pane > .kt-accordion-header-wrap > .kt-blocks-accordion-header.kt-accordion-panel-active .kt-blocks-accordion-icon-trigger:before{background:#ffffff;}.kt-accordion-id711_7d586d-46:not( .kt-accodion-icon-style-basic ):not( .kt-accodion-icon-style-xclose ):not( .kt-accodion-icon-style-arrow ) .kt-blocks-accordion-header.kt-accordion-panel-active .kt-blocks-accordion-icon-trigger{background:#ffffff;}.kt-accordion-id711_7d586d-46:not( .kt-accodion-icon-style-basic ):not( .kt-accodion-icon-style-xclose ):not( .kt-accodion-icon-style-arrow ) .kt-blocks-accordion-header.kt-accordion-panel-active .kt-blocks-accordion-icon-trigger:after, .kt-accordion-id711_7d586d-46:not( .kt-accodion-icon-style-basic ):not( .kt-accodion-icon-style-xclose ):not( .kt-accodion-icon-style-arrow ) .kt-blocks-accordion-header.kt-accordion-panel-active .kt-blocks-accordion-icon-trigger:before{background:var(--global-palette1, #3182CE);}@media all and (max-width: 1024px){.kt-accordion-id711_7d586d-46 .kt-accordion-panel-inner{border-top:1px solid var(--global-palette1, #3182CE);border-right:1px solid var(--global-palette1, #3182CE);border-bottom:1px solid var(--global-palette1, #3182CE);border-left:1px solid var(--global-palette1, #3182CE);}}@media all and (max-width: 1024px){.kt-accordion-id711_7d586d-46 > .kt-accordion-inner-wrap > .wp-block-kadence-pane > .kt-accordion-header-wrap > .kt-blocks-accordion-header{border-top:0px solid #f2f2f2;border-right:0px solid #f2f2f2;border-bottom:0px solid #f2f2f2;border-left:0px solid #f2f2f2;}}@media all and (max-width: 1024px){.kt-accordion-id711_7d586d-46 > .kt-accordion-inner-wrap > .wp-block-kadence-pane > .kt-accordion-header-wrap > .kt-blocks-accordion-header:hover, \n\t\t\t\tbody:not(.hide-focus-outline) .kt-accordion-id711_7d586d-46 .kt-blocks-accordion-header:focus-visible{border-top-color:#eeeeee;border-top-style:solid;border-right-color:#eeeeee;border-right-style:solid;border-bottom-color:#eeeeee;border-bottom-style:solid;border-left-color:#eeeeee;border-left-style:solid;}}@media all and (max-width: 1024px){.kt-accordion-id711_7d586d-46 .kt-accordion-header-wrap .kt-blocks-accordion-header:focus-visible,\n\t\t\t\t.kt-accordion-id711_7d586d-46 > .kt-accordion-inner-wrap > .wp-block-kadence-pane > .kt-accordion-header-wrap > .kt-blocks-accordion-header.kt-accordion-panel-active{border-top-color:#BE530B;border-top-style:solid;border-right-color:#BE530B;border-right-style:solid;border-bottom-color:#BE530B;border-bottom-style:solid;border-left-color:#BE530B;border-left-style:solid;}}@media all and (max-width: 767px){.kt-accordion-id711_7d586d-46 .kt-accordion-inner-wrap{display:block;}.kt-accordion-id711_7d586d-46 .kt-accordion-inner-wrap .kt-accordion-pane:not(:first-child){margin-top:25px;}.kt-accordion-id711_7d586d-46 .kt-accordion-panel-inner{border-top:1px solid var(--global-palette1, #3182CE);border-right:1px solid var(--global-palette1, #3182CE);border-bottom:1px solid var(--global-palette1, #3182CE);border-left:1px solid var(--global-palette1, #3182CE);}.kt-accordion-id711_7d586d-46 > .kt-accordion-inner-wrap > .wp-block-kadence-pane > .kt-accordion-header-wrap > .kt-blocks-accordion-header{border-top:0px solid #f2f2f2;border-right:0px solid #f2f2f2;border-bottom:0px solid #f2f2f2;border-left:0px solid #f2f2f2;}.kt-accordion-id711_7d586d-46 > .kt-accordion-inner-wrap > .wp-block-kadence-pane > .kt-accordion-header-wrap > .kt-blocks-accordion-header:hover, \n\t\t\t\tbody:not(.hide-focus-outline) .kt-accordion-id711_7d586d-46 .kt-blocks-accordion-header:focus-visible{border-top-color:#eeeeee;border-top-style:solid;border-right-color:#eeeeee;border-right-style:solid;border-bottom-color:#eeeeee;border-bottom-style:solid;border-left-color:#eeeeee;border-left-style:solid;}.kt-accordion-id711_7d586d-46 .kt-accordion-header-wrap .kt-blocks-accordion-header:focus-visible,\n\t\t\t\t.kt-accordion-id711_7d586d-46 > .kt-accordion-inner-wrap > .wp-block-kadence-pane > .kt-accordion-header-wrap > .kt-blocks-accordion-header.kt-accordion-panel-active{border-top-color:#BE530B;border-top-style:solid;border-right-color:#BE530B;border-right-style:solid;border-bottom-color:#BE530B;border-bottom-style:solid;border-left-color:#BE530B;border-left-style:solid;}}<\/style>\n<div class=\"wp-block-kadence-accordion aligncenter\"><div class=\"kt-accordion-wrap kt-accordion-id711_7d586d-46 kt-accordion-has-4-panes kt-active-pane-0 kt-accordion-block kt-pane-header-alignment-left kt-accodion-icon-style-basic kt-accodion-icon-side-right\" style=\"max-width:none\"><div class=\"kt-accordion-inner-wrap\" data-allow-multiple-open=\"false\" data-start-open=\"0\">\n<div class=\"wp-block-kadence-pane kt-accordion-pane kt-accordion-pane-1 kt-pane711_61cd41-77\"><div class=\"kt-accordion-header-wrap\"><button class=\"kt-blocks-accordion-header kt-acccordion-button-label-show\" type=\"button\"><span class=\"kt-blocks-accordion-title-wrap\"><span class=\"kt-blocks-accordion-title\">Wynik 1 - RAPORT Z BADA\u0143 KONSORCJUM<\/span><\/span><span class=\"kt-blocks-accordion-icon-trigger\"><\/span><\/button><\/div><div class=\"kt-accordion-panel kt-accordion-panel-hidden\"><div class=\"kt-accordion-panel-inner\">\n<div class=\"wp-block-media-text is-stacked-on-mobile\" style=\"grid-template-columns:25% auto\"><figure class=\"wp-block-media-text__media\"><img fetchpriority=\"high\" decoding=\"async\" width=\"1024\" height=\"1024\" src=\"https:\/\/sts-project.eu\/wp-content\/uploads\/2025\/01\/llk-1024x1024.png\" alt=\"\" class=\"wp-image-698 size-full\" srcset=\"https:\/\/sts-project.eu\/wp-content\/uploads\/2025\/01\/llk-1024x1024.png 1024w, https:\/\/sts-project.eu\/wp-content\/uploads\/2025\/01\/llk-400x400.png 400w, https:\/\/sts-project.eu\/wp-content\/uploads\/2025\/01\/llk-100x100.png 100w, https:\/\/sts-project.eu\/wp-content\/uploads\/2025\/01\/llk-600x600.png 600w, https:\/\/sts-project.eu\/wp-content\/uploads\/2025\/01\/llk-300x300.png 300w, https:\/\/sts-project.eu\/wp-content\/uploads\/2025\/01\/llk-150x150.png 150w, https:\/\/sts-project.eu\/wp-content\/uploads\/2025\/01\/llk-768x768.png 768w, https:\/\/sts-project.eu\/wp-content\/uploads\/2025\/01\/llk.png 1080w\" sizes=\"(max-width: 1024px) 100vw, 1024px\" \/><\/figure><div class=\"wp-block-media-text__content\">\n<p>Badania mia\u0142y na celu identyfikacj\u0119 potrzeb trener\u00f3w sportowych i os\u00f3b o pochodzeniu migracyjnym zainteresowanych zostaniem trenerami sportowymi.<\/p>\n\n\n\n<div data-wp-interactive=\"core\/file\" class=\"wp-block-file\"><object data-wp-bind--hidden=\"!state.hasPdfPreview\" hidden class=\"wp-block-file__embed\" data=\"https:\/\/sts-project.eu\/wp-content\/uploads\/2025\/02\/STS-Consortium-Research-Report_final.pdf\" type=\"application\/pdf\" style=\"width:100%;height:600px\" aria-label=\"Embed of Consortium Research Report.\"><\/object><a id=\"wp-block-file--media-dd29b52b-a0eb-4f6e-be31-d98c55f25fba\" href=\"https:\/\/sts-project.eu\/wp-content\/uploads\/2025\/03\/STS-Consortium-research-Report_CONTENT-Version-PDF.pdf\">Raport z bada\u0144 konsorcjum<\/a><a href=\"https:\/\/sts-project.eu\/wp-content\/uploads\/2025\/03\/STS-Consortium-research-Report_CONTENT-Version-PDF.pdf\" class=\"wp-block-file__button wp-element-button\" download aria-describedby=\"wp-block-file--media-dd29b52b-a0eb-4f6e-be31-d98c55f25fba\">Pobierz<\/a><\/div>\n<\/div><\/div>\n<\/div><\/div><\/div>\n\n\n\n<div class=\"wp-block-kadence-pane kt-accordion-pane kt-accordion-pane-2 kt-pane711_e1ede5-12\"><div class=\"kt-accordion-header-wrap\"><button class=\"kt-blocks-accordion-header kt-acccordion-button-label-show\" type=\"button\"><span class=\"kt-blocks-accordion-title-wrap\"><span class=\"kt-blocks-accordion-title\">Wynik 2 - PROGRAM EDUKACYJNY DLA TRENER\u00d3W SPORTOWYCH<\/span><\/span><span class=\"kt-blocks-accordion-icon-trigger\"><\/span><\/button><\/div><div class=\"kt-accordion-panel kt-accordion-panel-hidden\"><div class=\"kt-accordion-panel-inner\">\n<div class=\"wp-block-media-text is-stacked-on-mobile\" style=\"grid-template-columns:25% auto\"><figure class=\"wp-block-media-text__media\"><img fetchpriority=\"high\" decoding=\"async\" width=\"1024\" height=\"1024\" src=\"https:\/\/sts-project.eu\/wp-content\/uploads\/2025\/01\/llk-1024x1024.png\" alt=\"\" class=\"wp-image-698 size-full\" srcset=\"https:\/\/sts-project.eu\/wp-content\/uploads\/2025\/01\/llk-1024x1024.png 1024w, https:\/\/sts-project.eu\/wp-content\/uploads\/2025\/01\/llk-400x400.png 400w, https:\/\/sts-project.eu\/wp-content\/uploads\/2025\/01\/llk-100x100.png 100w, https:\/\/sts-project.eu\/wp-content\/uploads\/2025\/01\/llk-600x600.png 600w, https:\/\/sts-project.eu\/wp-content\/uploads\/2025\/01\/llk-300x300.png 300w, https:\/\/sts-project.eu\/wp-content\/uploads\/2025\/01\/llk-150x150.png 150w, https:\/\/sts-project.eu\/wp-content\/uploads\/2025\/01\/llk-768x768.png 768w, https:\/\/sts-project.eu\/wp-content\/uploads\/2025\/01\/llk.png 1080w\" sizes=\"(max-width: 1024px) 100vw, 1024px\" \/><\/figure><div class=\"wp-block-media-text__content\">\n<p>Program nauczania trener\u00f3w sportowych pracuj\u0105cych z osobami o pochodzeniu migracyjnym.<\/p>\n\n\n\n<div class=\"wp-block-file\"><a id=\"wp-block-file--media-569bc6c4-3115-42fb-977c-83d95d5215de\" href=\"https:\/\/sts-project.eu\/wp-content\/uploads\/2025\/03\/STS-Educational-Curriculum-for-Sports-Coaches-PL-final.pdf\">Program edukacyjny dla trener\u00f3w sportowych<\/a><a href=\"https:\/\/sts-project.eu\/wp-content\/uploads\/2025\/03\/STS-Educational-Curriculum-for-Sports-Coaches-PL-final.pdf\" class=\"wp-block-file__button wp-element-button\" download aria-describedby=\"wp-block-file--media-569bc6c4-3115-42fb-977c-83d95d5215de\">Pobierz<\/a><\/div>\n<\/div><\/div>\n<\/div><\/div><\/div>\n\n\n\n<div class=\"wp-block-kadence-pane kt-accordion-pane kt-accordion-pane-3 kt-pane711_578764-65\"><div class=\"kt-accordion-header-wrap\"><button class=\"kt-blocks-accordion-header kt-acccordion-button-label-show\" type=\"button\"><span class=\"kt-blocks-accordion-title-wrap\"><span class=\"kt-blocks-accordion-title\">Wynik 3 - FORMAT SZKOLENIA DLA OS\u00d3B Z MIGRANDOWYM POCHODZENIEM<\/span><\/span><span class=\"kt-blocks-accordion-icon-trigger\"><\/span><\/button><\/div><div class=\"kt-accordion-panel kt-accordion-panel-hidden\"><div class=\"kt-accordion-panel-inner\">\n<div class=\"wp-block-media-text is-stacked-on-mobile\" style=\"grid-template-columns:25% auto\"><figure class=\"wp-block-media-text__media\"><img fetchpriority=\"high\" decoding=\"async\" width=\"1024\" height=\"1024\" src=\"https:\/\/sts-project.eu\/wp-content\/uploads\/2025\/01\/llk-1024x1024.png\" alt=\"\" class=\"wp-image-698 size-full\" srcset=\"https:\/\/sts-project.eu\/wp-content\/uploads\/2025\/01\/llk-1024x1024.png 1024w, https:\/\/sts-project.eu\/wp-content\/uploads\/2025\/01\/llk-400x400.png 400w, https:\/\/sts-project.eu\/wp-content\/uploads\/2025\/01\/llk-100x100.png 100w, https:\/\/sts-project.eu\/wp-content\/uploads\/2025\/01\/llk-600x600.png 600w, https:\/\/sts-project.eu\/wp-content\/uploads\/2025\/01\/llk-300x300.png 300w, https:\/\/sts-project.eu\/wp-content\/uploads\/2025\/01\/llk-150x150.png 150w, https:\/\/sts-project.eu\/wp-content\/uploads\/2025\/01\/llk-768x768.png 768w, https:\/\/sts-project.eu\/wp-content\/uploads\/2025\/01\/llk.png 1080w\" sizes=\"(max-width: 1024px) 100vw, 1024px\" \/><\/figure><div class=\"wp-block-media-text__content\">\n<p>Format szkolenia dla os\u00f3b o pochodzeniu migracyjnym.<\/p>\n\n\n\n<div class=\"wp-block-file\"><a id=\"wp-block-file--media-457ed187-5c03-48a1-b1a1-24647b2a5ee3\" href=\"https:\/\/sts-project.eu\/wp-content\/uploads\/2025\/03\/STS_WP3_TRAINING-FORMAT_POLISH-cover.pdf\">FORMAT STS_TRAINING<\/a><a href=\"https:\/\/sts-project.eu\/wp-content\/uploads\/2025\/03\/STS_WP3_TRAINING-FORMAT_POLISH-cover.pdf\" class=\"wp-block-file__button wp-element-button\" download aria-describedby=\"wp-block-file--media-457ed187-5c03-48a1-b1a1-24647b2a5ee3\">Pobierz<\/a><\/div>\n<\/div><\/div>\n<\/div><\/div><\/div>\n<\/div><\/div><\/div>\n\n\n\n<div style=\"height:16px\" aria-hidden=\"true\" class=\"wp-block-spacer\"><\/div>","protected":false},"excerpt":{"rendered":"","protected":false},"author":1,"featured_media":0,"parent":0,"menu_order":0,"comment_status":"closed","ping_status":"closed","template":"","meta":{"_kadence_starter_templates_imported_post":false,"_kad_post_transparent":"","_kad_post_title":"hide","_kad_post_layout":"fullwidth","_kad_post_sidebar_id":"","_kad_post_content_style":"unboxed","_kad_post_vertical_padding":"hide","_kad_post_feature":"hide","_kad_post_feature_position":"","_kad_post_header":false,"_kad_post_footer":false,"_kad_post_classname":"","footnotes":""},"class_list":["post-711","page","type-page","status-publish","hentry"],"_links":{"self":[{"href":"https:\/\/sts-project.eu\/pl\/wp-json\/wp\/v2\/pages\/711","targetHints":{"allow":["GET"]}}],"collection":[{"href":"https:\/\/sts-project.eu\/pl\/wp-json\/wp\/v2\/pages"}],"about":[{"href":"https:\/\/sts-project.eu\/pl\/wp-json\/wp\/v2\/types\/page"}],"author":[{"embeddable":true,"href":"https:\/\/sts-project.eu\/pl\/wp-json\/wp\/v2\/users\/1"}],"replies":[{"embeddable":true,"href":"https:\/\/sts-project.eu\/pl\/wp-json\/wp\/v2\/comments?post=711"}],"version-history":[{"count":0,"href":"https:\/\/sts-project.eu\/pl\/wp-json\/wp\/v2\/pages\/711\/revisions"}],"wp:attachment":[{"href":"https:\/\/sts-project.eu\/pl\/wp-json\/wp\/v2\/media?parent=711"}],"curies":[{"name":"wp","href":"https:\/\/api.w.org\/{rel}","templated":true}]}}