{"id":713,"date":"2025-01-27T11:48:12","date_gmt":"2025-01-27T11:48:12","guid":{"rendered":"https:\/\/bf857664-b1a3-4b88-ac23-85d89f32b544.eu05.conves.io\/?page_id=713"},"modified":"2025-02-05T12:10:48","modified_gmt":"2025-02-05T12:10:48","slug":"events-and-news","status":"publish","type":"page","link":"https:\/\/sts-project.eu\/sl\/events-and-news\/","title":{"rendered":"Dogodki in novice"},"content":{"rendered":"<div style=\"height:49px\" aria-hidden=\"true\" class=\"wp-block-spacer\"><\/div>\n\n\n\n\n<div data-widget-id=\"1\" id=\"wps-widget--team-1\" style=\"visibility: hidden; opacity: 0\" class=\"wps-container wps-widget wps-widget--team wps-team-theme--square-01 wps-team--type-grid wps-team-card-action--single-page wps-team--social-hover-up wps-team--thumbnail-shad\">\n    \n    \n    <div class=\"wps-container--inner\">\n\n                \n        \n            <div class=\"wps-row\">\n\n                \n                                \n                    <div class=\"wps-col wps-widget--item wps-widget--item-1072\">\n                        <div class=\"wpspeedo-team--single\">\n                            <div class=\"wps-team--single-inner\">\n                                \n                                <div class=\"team-member--thumbnail-wrapper wps-team--member-element\"><div class=\"team-member--thumbnail\"><a href=\"https:\/\/sts-project.eu\/sl\/wps-members\/event-3\/\" class=\"wpspeedo-team--url\" aria-label=\"Preberite ve\u010d o TPM1.\"><img fetchpriority=\"high\" decoding=\"async\" width=\"642\" height=\"475\" src=\"https:\/\/sts-project.eu\/wp-content\/uploads\/2025\/02\/Resim2.jpg\" class=\"attachment- size- wp-post-image\" alt=\"\" srcset=\"https:\/\/sts-project.eu\/wp-content\/uploads\/2025\/02\/Resim2.jpg 642w, https:\/\/sts-project.eu\/wp-content\/uploads\/2025\/02\/Resim2-300x222.jpg 300w, https:\/\/sts-project.eu\/wp-content\/uploads\/2025\/02\/Resim2-16x12.jpg 16w\" sizes=\"(max-width: 642px) 100vw, 642px\" \/><\/a><\/div><\/div><h3 class=\"wps-team--member-title wps-team--member-element team-member--link\"><a href=\"https:\/\/sts-project.eu\/sl\/wps-members\/event-3\/\" class=\"wpspeedo-team--url\">TPM1<\/a><\/h3><h4 class=\"wps-team--member-desig wps-team--member-element\">5. in 6. april 2023 - Vroclav, Poljska<\/h4><div class=\"wps-team--divider-wrapper wps-team--member-element\"><div class=\"wps-team--divider\"><\/div><\/div><div class=\"wps-team--member-details wps-team--member-details-excerpt wps-team--member-element\"><p>Na prvem transnacionalnem projektnem sestanku je vodja projekta predstavil projekt ter skupaj s partnerji pregledal in na\u010drtoval njegovo izvajanje. Na sre\u010danju so bili predstavljeni glavni delovni paketi...<\/p>\n<\/div>\n                            <\/div>\n                        <\/div>\n                    <\/div>\n\n                    \n                \n                                \n                    <div class=\"wps-col wps-widget--item wps-widget--item-1070\">\n                        <div class=\"wpspeedo-team--single\">\n                            <div class=\"wps-team--single-inner\">\n                                \n                                <div class=\"team-member--thumbnail-wrapper wps-team--member-element\"><div class=\"team-member--thumbnail\"><a href=\"https:\/\/sts-project.eu\/sl\/wps-members\/event-2\/\" class=\"wpspeedo-team--url\" aria-label=\"Preberite ve\u010d o TPM2.\"><img decoding=\"async\" width=\"720\" height=\"960\" src=\"https:\/\/sts-project.eu\/wp-content\/uploads\/2025\/02\/Resim3.jpg\" class=\"attachment- size- wp-post-image\" alt=\"\" srcset=\"https:\/\/sts-project.eu\/wp-content\/uploads\/2025\/02\/Resim3.jpg 720w, https:\/\/sts-project.eu\/wp-content\/uploads\/2025\/02\/Resim3-225x300.jpg 225w, https:\/\/sts-project.eu\/wp-content\/uploads\/2025\/02\/Resim3-9x12.jpg 9w\" sizes=\"(max-width: 720px) 100vw, 720px\" \/><\/a><\/div><\/div><h3 class=\"wps-team--member-title wps-team--member-element team-member--link\"><a href=\"https:\/\/sts-project.eu\/sl\/wps-members\/event-2\/\" class=\"wpspeedo-team--url\">TPM2<\/a><\/h3><h4 class=\"wps-team--member-desig wps-team--member-element\">13. september 2023 - Berlin, Nem\u010dija<\/h4><div class=\"wps-team--divider-wrapper wps-team--member-element\"><div class=\"wps-team--divider\"><\/div><\/div><div class=\"wps-team--member-details wps-team--member-details-excerpt wps-team--member-element\"><p>Na drugem sestanku o transnacionalnem projektu, ki je potekal leta, so partnerji pregledali nacionalne raziskave, zdru\u017eene v raziskovalnem poro\u010dilu konzorcija. Partnerji so razpravljali tudi o razvoju in odgovornosti...<\/p>\n<\/div>\n                            <\/div>\n                        <\/div>\n                    <\/div>\n\n                    \n                \n                                \n                    <div class=\"wps-col wps-widget--item wps-widget--item-1069\">\n                        <div class=\"wpspeedo-team--single\">\n                            <div class=\"wps-team--single-inner\">\n                                \n                                <div class=\"team-member--thumbnail-wrapper wps-team--member-element\"><div class=\"team-member--thumbnail\"><a href=\"https:\/\/sts-project.eu\/sl\/wps-members\/event-1\/\" class=\"wpspeedo-team--url\" aria-label=\"Preberite ve\u010d o TPM3.\"><img decoding=\"async\" width=\"2048\" height=\"1408\" src=\"https:\/\/sts-project.eu\/wp-content\/uploads\/2025\/02\/Resim4.jpg\" class=\"attachment- size- wp-post-image\" alt=\"\" srcset=\"https:\/\/sts-project.eu\/wp-content\/uploads\/2025\/02\/Resim4.jpg 2048w, https:\/\/sts-project.eu\/wp-content\/uploads\/2025\/02\/Resim4-300x206.jpg 300w, https:\/\/sts-project.eu\/wp-content\/uploads\/2025\/02\/Resim4-1024x704.jpg 1024w, https:\/\/sts-project.eu\/wp-content\/uploads\/2025\/02\/Resim4-768x528.jpg 768w, https:\/\/sts-project.eu\/wp-content\/uploads\/2025\/02\/Resim4-1536x1056.jpg 1536w, https:\/\/sts-project.eu\/wp-content\/uploads\/2025\/02\/Resim4-18x12.jpg 18w\" sizes=\"(max-width: 2048px) 100vw, 2048px\" \/><\/a><\/div><\/div><h3 class=\"wps-team--member-title wps-team--member-element team-member--link\"><a href=\"https:\/\/sts-project.eu\/sl\/wps-members\/event-1\/\" class=\"wpspeedo-team--url\">TPM3<\/a><\/h3><h4 class=\"wps-team--member-desig wps-team--member-element\">23. april 2024 - Atene, Gr\u010dija<\/h4><div class=\"wps-team--divider-wrapper wps-team--member-element\"><div class=\"wps-team--divider\"><\/div><\/div><div class=\"wps-team--member-details wps-team--member-details-excerpt wps-team--member-element\"><p>Na tretjem sre\u010danju partnerjev je konzorcij razpravljal o dokon\u010danju izobra\u017eevalnega kurikuluma in z njim povezanih pilotnih dejavnostih ter dolo\u010dil naslednji korak...<\/p>\n<\/div>\n                            <\/div>\n                        <\/div>\n                    <\/div>\n\n                    \n                \n                                \n                    <div class=\"wps-col wps-widget--item wps-widget--item-3216\">\n                        <div class=\"wpspeedo-team--single\">\n                            <div class=\"wps-team--single-inner\">\n                                \n                                <div class=\"team-member--thumbnail-wrapper wps-team--member-element\"><div class=\"team-member--thumbnail\"><a href=\"https:\/\/sts-project.eu\/sl\/wps-members\/evm\/\" class=\"wpspeedo-team--url\" aria-label=\"Preberite ve\u010d o EVM.\"><img loading=\"lazy\" decoding=\"async\" width=\"2048\" height=\"1448\" src=\"https:\/\/sts-project.eu\/wp-content\/uploads\/2025\/06\/Resim5.jpg\" class=\"attachment- size- wp-post-image\" alt=\"\" srcset=\"https:\/\/sts-project.eu\/wp-content\/uploads\/2025\/06\/Resim5.jpg 2048w, https:\/\/sts-project.eu\/wp-content\/uploads\/2025\/06\/Resim5-300x212.jpg 300w, https:\/\/sts-project.eu\/wp-content\/uploads\/2025\/06\/Resim5-1024x724.jpg 1024w, https:\/\/sts-project.eu\/wp-content\/uploads\/2025\/06\/Resim5-768x543.jpg 768w, https:\/\/sts-project.eu\/wp-content\/uploads\/2025\/06\/Resim5-1536x1086.jpg 1536w, https:\/\/sts-project.eu\/wp-content\/uploads\/2025\/06\/Resim5-18x12.jpg 18w\" sizes=\"(max-width: 2048px) 100vw, 2048px\" \/><\/a><\/div><\/div><h3 class=\"wps-team--member-title wps-team--member-element team-member--link\"><a href=\"https:\/\/sts-project.eu\/sl\/wps-members\/evm\/\" class=\"wpspeedo-team--url\">EVM<\/a><\/h3><h4 class=\"wps-team--member-desig wps-team--member-element\">27.-30. april - Elche, \u0160panija<\/h4><div class=\"wps-team--divider-wrapper wps-team--member-element\"><div class=\"wps-team--divider\"><\/div><\/div><div class=\"wps-team--member-details wps-team--member-details-excerpt wps-team--member-element\"><p>Na tem zaklju\u010dnem sestanku so partnerji pregledali rezultate projekta in preverili preostale roke, konzorcij pa so obiskali tudi na\u0161i kolegi iz Elche Acoge, ki so raziskali...<\/p>\n<\/div>\n                            <\/div>\n                        <\/div>\n                    <\/div>\n\n                    \n                \n                                \n                    <div class=\"wps-col wps-widget--item wps-widget--item-3252\">\n                        <div class=\"wpspeedo-team--single\">\n                            <div class=\"wps-team--single-inner\">\n                                \n                                <div class=\"team-member--thumbnail-wrapper wps-team--member-element\"><div class=\"team-member--thumbnail\"><a href=\"https:\/\/sts-project.eu\/sl\/wps-members\/multiplier-event-in-germany\/\" class=\"wpspeedo-team--url\" aria-label=\"Preberite ve\u010d o dogodku Multiplier v Nem\u010diji.\"><img loading=\"lazy\" decoding=\"async\" width=\"305\" height=\"172\" src=\"https:\/\/sts-project.eu\/wp-content\/uploads\/2025\/06\/sss.jpg\" class=\"attachment- size- wp-post-image\" alt=\"\" srcset=\"https:\/\/sts-project.eu\/wp-content\/uploads\/2025\/06\/sss.jpg 305w, https:\/\/sts-project.eu\/wp-content\/uploads\/2025\/06\/sss-300x169.jpg 300w, https:\/\/sts-project.eu\/wp-content\/uploads\/2025\/06\/sss-18x10.jpg 18w\" sizes=\"(max-width: 305px) 100vw, 305px\" \/><\/a><\/div><\/div><h3 class=\"wps-team--member-title wps-team--member-element team-member--link\"><a href=\"https:\/\/sts-project.eu\/sl\/wps-members\/multiplier-event-in-germany\/\" class=\"wpspeedo-team--url\">Multiplikatorski dogodek v Nem\u010diji<\/a><\/h3><h4 class=\"wps-team--member-desig wps-team--member-element\">Berlin, Nem\u010dija - 05.06.25<\/h4><div class=\"wps-team--divider-wrapper wps-team--member-element\"><div class=\"wps-team--divider\"><\/div><\/div><div class=\"wps-team--member-details wps-team--member-details-excerpt wps-team--member-element\"><p>70 udele\u017eencev skupnosti, vklju\u010dno z lokalnimi trenerji in migranti, se je zbralo, da bi se pomerili na turnirju v ping-pongu in se na predstavitvi seznanili s projektom STS. Dogodek je omogo\u010dil, da so se udele\u017eenci odlo\u010dilno...<\/p>\n<\/div>\n                            <\/div>\n                        <\/div>\n                    <\/div>\n\n                    \n                \n                                \n                    <div class=\"wps-col wps-widget--item wps-widget--item-3218\">\n                        <div class=\"wpspeedo-team--single\">\n                            <div class=\"wps-team--single-inner\">\n                                \n                                <div class=\"team-member--thumbnail-wrapper wps-team--member-element\"><div class=\"team-member--thumbnail\"><a href=\"https:\/\/sts-project.eu\/sl\/wps-members\/multiplier-event-in-spain\/\" class=\"wpspeedo-team--url\" aria-label=\"Preberite ve\u010d o dogodku Multiplier v \u0160paniji.\"><\/a><\/div><\/div><h3 class=\"wps-team--member-title wps-team--member-element team-member--link\"><a href=\"https:\/\/sts-project.eu\/sl\/wps-members\/multiplier-event-in-spain\/\" class=\"wpspeedo-team--url\">Multiplikatorski dogodek v \u0160paniji<\/a><\/h3><h4 class=\"wps-team--member-desig wps-team--member-element\">15.06.2025 - La Hoya, \u0160panija<\/h4><div class=\"wps-team--divider-wrapper wps-team--member-element\"><div class=\"wps-team--divider\"><\/div><\/div><div class=\"wps-team--member-details wps-team--member-details-excerpt wps-team--member-element\"><p>21. junija je v La Hoyi v \u0160paniji potekal multiplikativni dogodek za projekt STS. Na dogodku je osebje ACD LA HOYA predstavilo glavne rezultate in dose\u017eke projekta STS, ki so bili predstavljeni v ...<\/p>\n<\/div>\n                            <\/div>\n                        <\/div>\n                    <\/div>\n\n                    \n                \n                                \n                    <div class=\"wps-col wps-widget--item wps-widget--item-3222\">\n                        <div class=\"wpspeedo-team--single\">\n                            <div class=\"wps-team--single-inner\">\n                                \n                                <div class=\"team-member--thumbnail-wrapper wps-team--member-element\"><div class=\"team-member--thumbnail\"><a href=\"https:\/\/sts-project.eu\/sl\/wps-members\/multiplier-event-in-greece\/\" class=\"wpspeedo-team--url\" aria-label=\"Preberite ve\u010d o dogodku Multiplier v Gr\u010diji.\"><\/a><\/div><\/div><h3 class=\"wps-team--member-title wps-team--member-element team-member--link\"><a href=\"https:\/\/sts-project.eu\/sl\/wps-members\/multiplier-event-in-greece\/\" class=\"wpspeedo-team--url\">Multiplikatorski dogodek v Gr\u010diji<\/a><\/h3><h4 class=\"wps-team--member-desig wps-team--member-element\">Multiplikatorski dogodek v Gr\u010diji<\/h4><div class=\"wps-team--divider-wrapper wps-team--member-element\"><div class=\"wps-team--divider\"><\/div><\/div><div class=\"wps-team--member-details wps-team--member-details-excerpt wps-team--member-element\"><p>Multiplikatorski dogodek v Gr\u010diji<\/p>\n<\/div>\n                            <\/div>\n                        <\/div>\n                    <\/div>\n\n                    \n                \n                                \n                    <div class=\"wps-col wps-widget--item wps-widget--item-3221\">\n                        <div class=\"wpspeedo-team--single\">\n                            <div class=\"wps-team--single-inner\">\n                                \n                                <div class=\"team-member--thumbnail-wrapper wps-team--member-element\"><div class=\"team-member--thumbnail\"><a href=\"https:\/\/sts-project.eu\/sl\/wps-members\/multiplier-event-in-slovenia\/\" class=\"wpspeedo-team--url\" aria-label=\"Preberite ve\u010d o dogodku Multiplier v Sloveniji.\"><\/a><\/div><\/div><h3 class=\"wps-team--member-title wps-team--member-element team-member--link\"><a href=\"https:\/\/sts-project.eu\/sl\/wps-members\/multiplier-event-in-slovenia\/\" class=\"wpspeedo-team--url\">Multiplikatorski dogodek v Sloveniji<\/a><\/h3><h4 class=\"wps-team--member-desig wps-team--member-element\">23.6.2025 - Ljubljana, Slovenija<\/h4><div class=\"wps-team--divider-wrapper wps-team--member-element\"><div class=\"wps-team--divider\"><\/div><\/div><div class=\"wps-team--member-details wps-team--member-details-excerpt wps-team--member-element\"><p>Radio Capodistria je v sodelovanju s fitnes centrom FIT CITY v sredi\u0161\u010du Ljubljane, kjer je velik del uporabnikov neslovenskega porekla, organiziral celodnevni \"STS Training day\", na katerem so se uporabniki in obiskovalci...<\/p>\n<\/div>\n                            <\/div>\n                        <\/div>\n                    <\/div>\n\n                    \n                \n                                \n                    <div class=\"wps-col wps-widget--item wps-widget--item-3223\">\n                        <div class=\"wpspeedo-team--single\">\n                            <div class=\"wps-team--single-inner\">\n                                \n                                <div class=\"team-member--thumbnail-wrapper wps-team--member-element\"><div class=\"team-member--thumbnail\"><a href=\"https:\/\/sts-project.eu\/sl\/wps-members\/multiplier-event-in-italy\/\" class=\"wpspeedo-team--url\" aria-label=\"Preberite ve\u010d o dogodku Multiplier v Italiji.\"><img loading=\"lazy\" decoding=\"async\" width=\"868\" height=\"565\" src=\"https:\/\/sts-project.eu\/wp-content\/uploads\/2025\/06\/Resim6.png\" class=\"attachment- size- wp-post-image\" alt=\"\" srcset=\"https:\/\/sts-project.eu\/wp-content\/uploads\/2025\/06\/Resim6.png 868w, https:\/\/sts-project.eu\/wp-content\/uploads\/2025\/06\/Resim6-300x195.png 300w, https:\/\/sts-project.eu\/wp-content\/uploads\/2025\/06\/Resim6-768x500.png 768w, https:\/\/sts-project.eu\/wp-content\/uploads\/2025\/06\/Resim6-18x12.png 18w\" sizes=\"(max-width: 868px) 100vw, 868px\" \/><\/a><\/div><\/div><h3 class=\"wps-team--member-title wps-team--member-element team-member--link\"><a href=\"https:\/\/sts-project.eu\/sl\/wps-members\/multiplier-event-in-italy\/\" class=\"wpspeedo-team--url\">Multiplikatorski dogodek v Italiji<\/a><\/h3><h4 class=\"wps-team--member-desig wps-team--member-element\">14. junij 2025 - Lodi, Italija<\/h4><div class=\"wps-team--divider-wrapper wps-team--member-element\"><div class=\"wps-team--divider\"><\/div><\/div><div class=\"wps-team--member-details wps-team--member-details-excerpt wps-team--member-element\"><p>14. junija 2025 je v sodelovanju z organizacijo Union Lodi potekal dogodek \"STS Multiplier Event\" za spodbujanje vklju\u010devanja prek \u0161porta. Dan se je za\u010del s predstavitvijo evropskega projekta STS...<\/p>\n<\/div>\n                            <\/div>\n                        <\/div>\n                    <\/div>\n\n                    \n                \n                                \n                    <div class=\"wps-col wps-widget--item wps-widget--item-3225\">\n                        <div class=\"wpspeedo-team--single\">\n                            <div class=\"wps-team--single-inner\">\n                                \n                                <div class=\"team-member--thumbnail-wrapper wps-team--member-element\"><div class=\"team-member--thumbnail\"><a href=\"https:\/\/sts-project.eu\/sl\/wps-members\/multiplier-event-in-poland\/\" class=\"wpspeedo-team--url\" aria-label=\"Preberite ve\u010d o dogodku Multiplier na Poljskem.\"><\/a><\/div><\/div><h3 class=\"wps-team--member-title wps-team--member-element team-member--link\"><a href=\"https:\/\/sts-project.eu\/sl\/wps-members\/multiplier-event-in-poland\/\" class=\"wpspeedo-team--url\">Multiplikatorski dogodek na Poljskem<\/a><\/h3><h4 class=\"wps-team--member-desig wps-team--member-element\">27.06.2025 - Vroclav, Poljska<\/h4><div class=\"wps-team--divider-wrapper wps-team--member-element\"><div class=\"wps-team--divider\"><\/div><\/div><div class=\"wps-team--member-details wps-team--member-details-excerpt wps-team--member-element\"><p>Multiplikatorski dogodek na Poljskem<\/p>\n<\/div>\n                            <\/div>\n                        <\/div>\n                    <\/div>\n\n                    \n                        \n            <\/div>\n\n        \n                \n        <div class=\"wps-team--not-found-wrapper\">\n            <div class=\"wps-team--not-found\">Ni bilo najdenih rezultatov<\/div>\n        <\/div>\n\n        \n    <\/div>\n\n        \n<\/div>\n\n\n\n<div style=\"height:69px\" aria-hidden=\"true\" class=\"wp-block-spacer\"><\/div>","protected":false},"excerpt":{"rendered":"","protected":false},"author":1,"featured_media":0,"parent":0,"menu_order":0,"comment_status":"closed","ping_status":"closed","template":"","meta":{"_kadence_starter_templates_imported_post":false,"_kad_post_transparent":"","_kad_post_title":"hide","_kad_post_layout":"fullwidth","_kad_post_sidebar_id":"","_kad_post_content_style":"unboxed","_kad_post_vertical_padding":"hide","_kad_post_feature":"hide","_kad_post_feature_position":"","_kad_post_header":false,"_kad_post_footer":false,"_kad_post_classname":"","footnotes":""},"class_list":["post-713","page","type-page","status-publish","hentry"],"_links":{"self":[{"href":"https:\/\/sts-project.eu\/sl\/wp-json\/wp\/v2\/pages\/713","targetHints":{"allow":["GET"]}}],"collection":[{"href":"https:\/\/sts-project.eu\/sl\/wp-json\/wp\/v2\/pages"}],"about":[{"href":"https:\/\/sts-project.eu\/sl\/wp-json\/wp\/v2\/types\/page"}],"author":[{"embeddable":true,"href":"https:\/\/sts-project.eu\/sl\/wp-json\/wp\/v2\/users\/1"}],"replies":[{"embeddable":true,"href":"https:\/\/sts-project.eu\/sl\/wp-json\/wp\/v2\/comments?post=713"}],"version-history":[{"count":0,"href":"https:\/\/sts-project.eu\/sl\/wp-json\/wp\/v2\/pages\/713\/revisions"}],"wp:attachment":[{"href":"https:\/\/sts-project.eu\/sl\/wp-json\/wp\/v2\/media?parent=713"}],"curies":[{"name":"wp","href":"https:\/\/api.w.org\/{rel}","templated":true}]}}